{"id":262,"date":"2025-10-28T19:28:30","date_gmt":"2025-10-28T19:28:30","guid":{"rendered":"https:\/\/dozsagaz.hu\/?page_id=262"},"modified":"2025-11-27T03:18:15","modified_gmt":"2025-11-27T03:18:15","slug":"biztonsagtechnikai-ellenorzes","status":"publish","type":"page","link":"https:\/\/dozsagaz.hu\/index.php\/biztonsagtechnikai-ellenorzes\/","title":{"rendered":"Biztons\u00e1gtechnikai ellen\u0151rz\u00e9s"},"content":{"rendered":"<p>[et_pb_section fb_built=&#8221;1&#8243; fullwidth=&#8221;on&#8221; _builder_version=&#8221;4.27.4&#8243; _module_preset=&#8221;default&#8221; global_colors_info=&#8221;{}&#8221; theme_builder_area=&#8221;post_content&#8221;][et_pb_fullwidth_header title=&#8221;D\u00f3zsa-G\u00e1z Kft&#8221; _builder_version=&#8221;4.27.4&#8243; _module_preset=&#8221;default&#8221; title_text_align=&#8221;center&#8221; title_font_size=&#8221;49px&#8221; content_text_align=&#8221;center&#8221; content_font_size=&#8221;25px&#8221; content_letter_spacing=&#8221;2px&#8221; content_line_height=&#8221;1.8em&#8221; background_color=&#8221;#0C71C3&#8243; global_colors_info=&#8221;{}&#8221; theme_builder_area=&#8221;post_content&#8221;]<\/p>\n<p>L\u00e1nghegeszt\u0151-v\u00e1g\u00f3 eszk\u00f6z\u00f6k jav\u00edt\u00e1sa, gy\u00e1rt\u00e1sa<\/p>\n<p>Biztons\u00e1gtechnikai ellen\u0151rz\u00e9s<\/p>\n<p>1991 \u00f3ta a piacon<\/p>\n<p>&nbsp;<\/p>\n<p>[\/et_pb_fullwidth_header][\/et_pb_section][et_pb_section fb_built=&#8221;1&#8243; admin_label=&#8221;Services&#8221; _builder_version=&#8221;4.16&#8243; custom_padding=&#8221;90px|0px|90px|0px&#8221; global_colors_info=&#8221;{}&#8221; theme_builder_area=&#8221;post_content&#8221;][et_pb_row _builder_version=&#8221;4.16&#8243; global_colors_info=&#8221;{}&#8221; theme_builder_area=&#8221;post_content&#8221;][et_pb_column type=&#8221;4_4&#8243; _builder_version=&#8221;4.16&#8243; custom_padding=&#8221;|||&#8221; global_colors_info=&#8221;{}&#8221; custom_padding__hover=&#8221;|||&#8221; theme_builder_area=&#8221;post_content&#8221;][et_pb_text _builder_version=&#8221;4.27.4&#8243; hover_enabled=&#8221;0&#8243; global_colors_info=&#8221;{}&#8221; theme_builder_area=&#8221;post_content&#8221; sticky_enabled=&#8221;0&#8243;]<\/p>\n<p><strong>Biztons\u00e1gtechnikai ellen\u0151rz\u00e9s<\/strong><\/p>\n<p>Fenti eszk\u00f6z\u00f6k HBSZ-ben el\u0151\u00edrt biztons\u00e1gtechnikai ellen\u0151rz\u00e9s\u00e9vel is foglalkozunk. Szakember\u00fcnk a partner telephely\u00e9n elv\u00e9gzi az aktu\u00e1lisan sz\u00fcks\u00e9ges vizsg\u00e1latokat. A vizsg\u00e1latokr\u00f3l jegyz\u0151k\u00f6nyvet k\u00e9sz\u00edt, melyet \u00e1tad a megrendel\u0151nek. Ig\u00e9ny \u00e9s\/vagy sz\u00fcks\u00e9g eset\u00e9n k\u00e9r\u00e9sre a rossz eszk\u00f6zt kicser\u00e9li \u00e1ltalunk jav\u00edtott t\u00edpus azonos k\u00e9sz\u00fcl\u00e9kre, vagy elsz\u00e1ll\u00edtja telephely\u00fcnkre jav\u00edt\u00e1sra.<\/p>\n<p>\u00c1raj\u00e1nlatot k\u00e9rhet\u0151 az al\u00e1bbi el\u00e9rhet\u0151s\u00e9geken:<\/p>\n<p>&nbsp;<\/p>\n<p>email: \u00a0<a href=\"mailto:info@dozsagaz.hu\">info@dozsagaz.hu<\/a>,<\/p>\n<p>mobil: 06 30\u00a0951 5599 vagy 06 20\u00a0452 3540<\/p>\n<p>&nbsp;<\/p>\n<p>Keressenek bizalommal!<\/p>\n<p>[\/et_pb_text][\/et_pb_column][\/et_pb_row][\/et_pb_section][et_pb_section fb_built=&#8221;1&#8243; admin_label=&#8221;Footer&#8221; _builder_version=&#8221;4.16&#8243; background_image=&#8221;https:\/\/dozsagaz.hu\/wp-content\/uploads\/2022\/03\/business-01.jpg&#8221; parallax=&#8221;on&#8221; custom_padding=&#8221;90px||90px|&#8221; saved_tabs=&#8221;all&#8221; global_colors_info=&#8221;{}&#8221; theme_builder_area=&#8221;post_content&#8221;][\/et_pb_section]<\/p>\n","protected":false},"excerpt":{"rendered":"<p>[et_pb_section fb_built=&#8221;1&#8243; fullwidth=&#8221;on&#8221; _builder_version=&#8221;4.27.4&#8243; _module_preset=&#8221;default&#8221; global_colors_info=&#8221;{}&#8221; theme_builder_area=&#8221;post_content&#8221;][et_pb_fullwidth_header title=&#8221;D\u00f3zsa-G\u00e1z Kft&#8221; _builder_version=&#8221;4.27.4&#8243; _module_preset=&#8221;default&#8221; title_text_align=&#8221;center&#8221; title_font_size=&#8221;49px&#8221; content_text_align=&#8221;center&#8221; content_font_size=&#8221;25px&#8221; content_letter_spacing=&#8221;2px&#8221; content_line_height=&#8221;1.8em&#8221; background_color=&#8221;#0C71C3&#8243; global_colors_info=&#8221;{}&#8221; theme_builder_area=&#8221;post_content&#8221;] L\u00e1nghegeszt\u0151-v\u00e1g\u00f3 eszk\u00f6z\u00f6k jav\u00edt\u00e1sa, gy\u00e1rt\u00e1sa Biztons\u00e1gtechnikai ellen\u0151rz\u00e9s 1991 \u00f3ta a piacon &nbsp; [\/et_pb_fullwidth_header][\/et_pb_section][et_pb_section fb_built=&#8221;1&#8243; admin_label=&#8221;Services&#8221; _builder_version=&#8221;4.16&#8243; custom_padding=&#8221;90px|0px|90px|0px&#8221; global_colors_info=&#8221;{}&#8221; theme_builder_area=&#8221;post_content&#8221;][et_pb_row _builder_version=&#8221;4.16&#8243; global_colors_info=&#8221;{}&#8221; theme_builder_area=&#8221;post_content&#8221;][et_pb_column type=&#8221;4_4&#8243; _builder_version=&#8221;4.16&#8243; custom_padding=&#8221;|||&#8221; global_colors_info=&#8221;{}&#8221; custom_padding__hover=&#8221;|||&#8221; theme_builder_area=&#8221;post_content&#8221;][et_pb_text _builder_version=&#8221;4.27.4&#8243; hover_enabled=&#8221;0&#8243; global_colors_info=&#8221;{}&#8221; theme_builder_area=&#8221;post_content&#8221; sticky_enabled=&#8221;0&#8243;] Biztons\u00e1gtechnikai ellen\u0151rz\u00e9s Fenti [&hellip;]<\/p>\n","protected":false},"author":1,"featured_media":0,"parent":0,"menu_order":0,"comment_status":"closed","ping_status":"closed","template":"","meta":{"_et_pb_use_builder":"on","_et_pb_old_content":"","footnotes":""},"class_list":["post-262","page","type-page","status-publish","hentry"],"_links":{"self":[{"href":"https:\/\/dozsagaz.hu\/index.php\/wp-json\/wp\/v2\/pages\/262","targetHints":{"allow":["GET"]}}],"collection":[{"href":"https:\/\/dozsagaz.hu\/index.php\/wp-json\/wp\/v2\/pages"}],"about":[{"href":"https:\/\/dozsagaz.hu\/index.php\/wp-json\/wp\/v2\/types\/page"}],"author":[{"embeddable":true,"href":"https:\/\/dozsagaz.hu\/index.php\/wp-json\/wp\/v2\/users\/1"}],"replies":[{"embeddable":true,"href":"https:\/\/dozsagaz.hu\/index.php\/wp-json\/wp\/v2\/comments?post=262"}],"version-history":[{"count":3,"href":"https:\/\/dozsagaz.hu\/index.php\/wp-json\/wp\/v2\/pages\/262\/revisions"}],"predecessor-version":[{"id":266,"href":"https:\/\/dozsagaz.hu\/index.php\/wp-json\/wp\/v2\/pages\/262\/revisions\/266"}],"wp:attachment":[{"href":"https:\/\/dozsagaz.hu\/index.php\/wp-json\/wp\/v2\/media?parent=262"}],"curies":[{"name":"wp","href":"https:\/\/api.w.org\/{rel}","templated":true}]}}