{"id":22,"date":"2022-03-09T03:28:05","date_gmt":"2022-03-09T03:28:05","guid":{"rendered":"https:\/\/dozsagaz.hu\/?page_id=22"},"modified":"2025-11-27T03:18:15","modified_gmt":"2025-11-27T03:18:15","slug":"bemutatkozas","status":"publish","type":"page","link":"https:\/\/dozsagaz.hu\/","title":{"rendered":"Bemutatkoz\u00e1s"},"content":{"rendered":"<p>[et_pb_section fb_built=&#8221;1&#8243; fullwidth=&#8221;on&#8221; theme_builder_area=&#8221;post_content&#8221; _builder_version=&#8221;4.27.4&#8243; _module_preset=&#8221;default&#8221;][et_pb_fullwidth_header title=&#8221;D\u00f3zsa-G\u00e1z Kft&#8221; _builder_version=&#8221;4.27.4&#8243; _module_preset=&#8221;default&#8221; theme_builder_area=&#8221;post_content&#8221; title_font_size=&#8221;49px&#8221; title_text_align=&#8221;center&#8221; content_text_align=&#8221;center&#8221; content_font_size=&#8221;25px&#8221; content_letter_spacing=&#8221;2px&#8221; content_line_height=&#8221;1.8em&#8221; background_color=&#8221;#0C71C3&#8243; hover_enabled=&#8221;0&#8243; sticky_enabled=&#8221;0&#8243;]<\/p>\n<p>L\u00e1nghegeszt\u0151-v\u00e1g\u00f3 eszk\u00f6z\u00f6k jav\u00edt\u00e1sa, gy\u00e1rt\u00e1sa<\/p>\n<p>Biztons\u00e1gtechnikai ellen\u0151rz\u00e9s<\/p>\n<p>1991 \u00f3ta a piacon<\/p>\n<p>&nbsp;<\/p>\n<p>[\/et_pb_fullwidth_header][\/et_pb_section][et_pb_section fb_built=&#8221;1&#8243; admin_label=&#8221;Services&#8221; _builder_version=&#8221;4.16&#8243; custom_padding=&#8221;90px|0px|90px|0px&#8221; global_colors_info=&#8221;{}&#8221;][et_pb_row _builder_version=&#8221;4.16&#8243; global_colors_info=&#8221;{}&#8221;][et_pb_column type=&#8221;4_4&#8243; _builder_version=&#8221;4.16&#8243; custom_padding=&#8221;|||&#8221; global_colors_info=&#8221;{}&#8221; custom_padding__hover=&#8221;|||&#8221;][et_pb_text _builder_version=&#8221;4.16&#8243; global_colors_info=&#8221;{}&#8221;]<\/p>\n<p>Kedves L\u00e1togat\u00f3!<\/p>\n<p>&nbsp;<\/p>\n<p>Az al\u00e1bbiakban szeretn\u00e9m \u00d6nnek bemutatni a v\u00e1llalkoz\u00e1sunkat.<\/p>\n<p><u>T\u00f6rt\u00e9neti \u00e1ttekint\u00e9s<\/u>:<\/p>\n<p>L\u00e1nghegeszt\u0151-v\u00e1g\u00f3 felszerel\u00e9sek jav\u00edt\u00e1sa, biztons\u00e1gtechnikai ellen\u0151rz\u00e9se az 1970-es \u00e9vek k\u00f6zep\u00e9t\u0151l folyik n\u00e1lunk. A kezdetekkor a D\u00f3zsa- MGTSZ mell\u00e9k\u00fczem\u00e1gak\u00e9nt m\u0171k\u00f6dt\u00fcnk, majd r\u00f6vid ideig a D\u00f3zsa Ipari Sz\u00f6vetkezet r\u00e9szek\u00e9nt tev\u00e9kenykedt\u00fcnk.<\/p>\n<p>A rendszerv\u00e1lt\u00e1skor 1991-ben \u00f6n\u00e1ll\u00f3 v\u00e1llalkoz\u00e1ss\u00e1 alakultunk. Az\u00f3ta \u2013imm\u00e1r t\u00f6bb mint 30 \u00e9ve &#8211; D\u00f3zsa-G\u00e1z Kft n\u00e9v alatt folyamatosan m\u0171k\u00f6d\u00fcnk.<\/p>\n<p>Erre a m\u00faltra m\u00e9lt\u00e1n b\u00fcszk\u00e9k, lehet\u00fcnk!<\/p>\n<p>A hossz\u00fa \u00e9vek sor\u00e1n olyan szakmai k\u00f6z\u00f6ss\u00e9g j\u00f6tt n\u00e1lunk l\u00e9tre, amely k\u00e9pes volt megfelelni a szakmai kih\u00edv\u00e1soknak \u00e9s ugyanakkor a partereink egyre n\u00f6vekv\u0151 ig\u00e9nyeit is ki tudta el\u00e9g\u00edteni.<\/p>\n<p>Az \u00e1ltalunk jav\u00edtott, gy\u00e1rtott eszk\u00f6z\u00f6k, alkatr\u00e9szek vesz\u00e9lyesek lehetnek, ez\u00e9rt komoly hangs\u00falyt fektet\u00fcnk a bels\u0151 folyamataink, technol\u00f3gi\u00e1ink maxim\u00e1lis betart\u00e1s\u00e1ra.<\/p>\n<p>Ennek meger\u0151s\u00edt\u00e9sek\u00e9nt 2007-ben ISO 9001 min\u0151s\u00e9gir\u00e1ny\u00edt\u00e1si rendszert vezett\u00fcnk be, amit az\u00f3ta folyamatosan fenntartunk, \u00e9s a T\u00dcV-vel audit\u00e1ltatunk.<\/p>\n<p>&nbsp;<\/p>\n<p>Tev\u00e9kenys\u00e9gi k\u00f6r\u00fcnk:<\/p>\n<p><u>1., L\u00e1nghegeszt\u0151-v\u00e1g\u00f3, hev\u00edt\u0151 eszk\u00f6z\u00f6k jav\u00edt\u00e1sa<\/u><\/p>\n<p>A haz\u00e1nkban \u00e9s k\u00fclf\u00f6ld\u00f6n gy\u00e1rtott nyom\u00e1scs\u00f6kkent\u0151ket, kever\u0151sz\u00e1rakat, v\u00e1g\u00f3pisztolyokat, \u00e9g\u0151sz\u00e1rakat, meleg\u00edt\u0151sz\u00e1rakat, g\u00e9pi v\u00e1g\u00f3fejeket, szek\u00e1torokat, kieg\u00e9sz\u00edt\u0151ket jav\u00edtjuk.<\/p>\n<p>Az \u00e1tvett eszk\u00f6z\u00f6ket a Hegeszt\u00e9si Biztons\u00e1gi Szab\u00e1lyzat (HBSZ) el\u0151\u00edr\u00e1sait betartva, szigor\u00fa technol\u00f3gia szerint jav\u00edtjuk.<\/p>\n<p>A jav\u00edt\u00e1s sor\u00e1n, a sz\u00fcks\u00e9ges vizsg\u00e1latokon megfelelt eszk\u00f6z\u00f6ket min\u0151s\u00e9gi bizony\u00edtv\u00e1nnyal l\u00e1tjuk el majd juttatjuk vissza a megrendel\u0151h\u00f6z.<\/p>\n<p>Ig\u00e9ny \u00e9s lehet\u0151s\u00e9g szerint cseredarabos jav\u00edt\u00e1st is v\u00e9gz\u00fcnk.<\/p>\n<p>El\u0151zetes t\u00edpus \u00e9s mennyis\u00e9gi egyeztet\u00e9s ut\u00e1n kicser\u00e9lj\u00fck a partnereink hib\u00e1s eszk\u00f6zeit \u00e1ltalunk jav\u00edtottakra.<\/p>\n<p>Ennek el\u0151nye az, hogy nincs oda-vissza sz\u00e1ll\u00edt\u00e1si k\u00f6lts\u00e9g, \u00e9s v\u00e1rakoz\u00e1si id\u0151.<\/p>\n<p>&nbsp;<\/p>\n<p><u>2., L\u00e1nghegeszt\u0151-v\u00e1g\u00f3, hev\u00edt\u0151 eszk\u00f6z\u00f6k gy\u00e1rt\u00e1sa<\/u><\/p>\n<p>Ig\u00e9ny szerint gy\u00e1rtjuk a r\u00e9gi Toldi, Varga t\u00edpus\u00fa v\u00e1g\u00f3pisztolyokat, meleg\u00edt\u0151sz\u00e1rakat, k\u00fcl\u00f6nf\u00e9le v\u00e1g\u00f3f\u00fav\u00f3k\u00e1kat, egy\u00e9b kieg\u00e9sz\u00edt\u0151ket, egyedi hev\u00edt\u0151-meleg\u00edt\u0151 eszk\u00f6z\u00f6ket.<\/p>\n<p>Tev\u00e9kenys\u00e9g\u00fcnket d\u00f6ms\u00f6di telephely\u00fcnk\u00f6n v\u00e9gezz\u00fck<\/p>\n<p>&nbsp;<\/p>\n<p><u>3., Biztons\u00e1gtechnikai ellen\u0151rz\u00e9s<\/u><\/p>\n<p>Fenti eszk\u00f6z\u00f6k HBSZ-ben el\u0151\u00edrt biztons\u00e1gtechnikai ellen\u0151rz\u00e9s\u00e9vel is foglalkozunk. Szakember\u00fcnk a partner telephely\u00e9n elv\u00e9gzi az aktu\u00e1lisan sz\u00fcks\u00e9ges vizsg\u00e1latokat. A vizsg\u00e1latokr\u00f3l jegyz\u0151k\u00f6nyvet k\u00e9sz\u00edt, melyet \u00e1tad a megrendel\u0151nek. Ig\u00e9ny \u00e9s\/vagy sz\u00fcks\u00e9g eset\u00e9n k\u00e9r\u00e9sre a rossz eszk\u00f6zt kicser\u00e9li \u00e1ltalunk jav\u00edtott t\u00edpus azonos k\u00e9sz\u00fcl\u00e9kre, vagy elsz\u00e1ll\u00edtja telephely\u00fcnkre jav\u00edt\u00e1sra.<\/p>\n<p>&nbsp;<\/p>\n<p><u>Kereskedelem<\/u>:<\/p>\n<p>&nbsp;<\/p>\n<p>Jav\u00edt\u00f3-gy\u00e1rt\u00f3-ellen\u00f6rz\u0151 tev\u00e9kenys\u00e9g\u00fcnkh\u00f6z k\u00f6t\u0151d\u0151en foglalkozunk az ezen a ter\u00fcleten haszn\u00e1latos eszk\u00f6z\u00f6k kereskedelm\u00e9vel is.<\/p>\n<p>\u00cdgy forgalmazunk k\u00fcl\u00f6nf\u00e9le nyom\u00e1scs\u00f6kkent\u0151ket, t\u00f6ml\u0151ket, v\u00e1g\u00f3pisztolyokat, f\u00fav\u00f3k\u00e1kat, biztons\u00e1gi eszk\u00f6z\u00f6ket stb.<\/p>\n<p>&nbsp;<\/p>\n<p>&nbsp;<\/p>\n<p>D\u00f6ms\u00f6d, 2022. 01. 17.<\/p>\n<p>Perger J\u00f3zsef<\/p>\n<p>\u00fcgyvezet\u0151<\/p>\n<p>[\/et_pb_text][\/et_pb_column][\/et_pb_row][\/et_pb_section][et_pb_section fb_built=&#8221;1&#8243; admin_label=&#8221;Footer&#8221; _builder_version=&#8221;4.16&#8243; background_image=&#8221;https:\/\/dozsagaz.hu\/wp-content\/uploads\/2022\/03\/business-01.jpg&#8221; parallax=&#8221;on&#8221; custom_padding=&#8221;90px||90px|&#8221; saved_tabs=&#8221;all&#8221; global_colors_info=&#8221;{}&#8221;][\/et_pb_section]<\/p>\n","protected":false},"excerpt":{"rendered":"<p>[et_pb_section fb_built=&#8221;1&#8243; fullwidth=&#8221;on&#8221; theme_builder_area=&#8221;post_content&#8221; _builder_version=&#8221;4.27.4&#8243; _module_preset=&#8221;default&#8221;][et_pb_fullwidth_header title=&#8221;D\u00f3zsa-G\u00e1z Kft&#8221; _builder_version=&#8221;4.27.4&#8243; _module_preset=&#8221;default&#8221; theme_builder_area=&#8221;post_content&#8221; title_font_size=&#8221;49px&#8221; title_text_align=&#8221;center&#8221; content_text_align=&#8221;center&#8221; content_font_size=&#8221;25px&#8221; content_letter_spacing=&#8221;2px&#8221; content_line_height=&#8221;1.8em&#8221; background_color=&#8221;#0C71C3&#8243; hover_enabled=&#8221;0&#8243; sticky_enabled=&#8221;0&#8243;] L\u00e1nghegeszt\u0151-v\u00e1g\u00f3 eszk\u00f6z\u00f6k jav\u00edt\u00e1sa, gy\u00e1rt\u00e1sa Biztons\u00e1gtechnikai ellen\u0151rz\u00e9s 1991 \u00f3ta a piacon &nbsp; [\/et_pb_fullwidth_header][\/et_pb_section][et_pb_section fb_built=&#8221;1&#8243; admin_label=&#8221;Services&#8221; _builder_version=&#8221;4.16&#8243; custom_padding=&#8221;90px|0px|90px|0px&#8221; global_colors_info=&#8221;{}&#8221;][et_pb_row _builder_version=&#8221;4.16&#8243; global_colors_info=&#8221;{}&#8221;][et_pb_column type=&#8221;4_4&#8243; _builder_version=&#8221;4.16&#8243; custom_padding=&#8221;|||&#8221; global_colors_info=&#8221;{}&#8221; custom_padding__hover=&#8221;|||&#8221;][et_pb_text _builder_version=&#8221;4.16&#8243; global_colors_info=&#8221;{}&#8221;] Kedves L\u00e1togat\u00f3! &nbsp; Az al\u00e1bbiakban szeretn\u00e9m \u00d6nnek bemutatni a [&hellip;]<\/p>\n","protected":false},"author":1,"featured_media":0,"parent":0,"menu_order":0,"comment_status":"closed","ping_status":"closed","template":"","meta":{"_et_pb_use_builder":"on","_et_pb_old_content":"","footnotes":""},"class_list":["post-22","page","type-page","status-publish","hentry"],"_links":{"self":[{"href":"https:\/\/dozsagaz.hu\/index.php\/wp-json\/wp\/v2\/pages\/22","targetHints":{"allow":["GET"]}}],"collection":[{"href":"https:\/\/dozsagaz.hu\/index.php\/wp-json\/wp\/v2\/pages"}],"about":[{"href":"https:\/\/dozsagaz.hu\/index.php\/wp-json\/wp\/v2\/types\/page"}],"author":[{"embeddable":true,"href":"https:\/\/dozsagaz.hu\/index.php\/wp-json\/wp\/v2\/users\/1"}],"replies":[{"embeddable":true,"href":"https:\/\/dozsagaz.hu\/index.php\/wp-json\/wp\/v2\/comments?post=22"}],"version-history":[{"count":8,"href":"https:\/\/dozsagaz.hu\/index.php\/wp-json\/wp\/v2\/pages\/22\/revisions"}],"predecessor-version":[{"id":260,"href":"https:\/\/dozsagaz.hu\/index.php\/wp-json\/wp\/v2\/pages\/22\/revisions\/260"}],"wp:attachment":[{"href":"https:\/\/dozsagaz.hu\/index.php\/wp-json\/wp\/v2\/media?parent=22"}],"curies":[{"name":"wp","href":"https:\/\/api.w.org\/{rel}","templated":true}]}}